{"id":2,"date":"2020-08-23T21:51:58","date_gmt":"2020-08-24T00:51:58","guid":{"rendered":"http:\/\/novostar.com.br\/?page_id=2"},"modified":"2020-08-24T15:25:02","modified_gmt":"2020-08-24T18:25:02","slug":"quem-somos","status":"publish","type":"page","link":"https:\/\/www.novostar.com.br\/","title":{"rendered":"Quem Somos"},"content":{"rendered":"\n<div style=\"height:20px\" aria-hidden=\"true\" class=\"wp-block-spacer\"><\/div>\n\n\n\n<figure class=\"wp-block-image size-large\"><img loading=\"lazy\" width=\"1000\" height=\"165\" src=\"https:\/\/www.novostar.com.br\/wp-content\/uploads\/banner-home.png\" alt=\"\" class=\"wp-image-124\" srcset=\"https:\/\/www.novostar.com.br\/wp-content\/uploads\/banner-home.png 1000w, https:\/\/www.novostar.com.br\/wp-content\/uploads\/banner-home-300x50.png 300w, https:\/\/www.novostar.com.br\/wp-content\/uploads\/banner-home-768x127.png 768w, https:\/\/www.novostar.com.br\/wp-content\/uploads\/banner-home-100x17.png 100w, https:\/\/www.novostar.com.br\/wp-content\/uploads\/banner-home-150x25.png 150w, https:\/\/www.novostar.com.br\/wp-content\/uploads\/banner-home-200x33.png 200w, https:\/\/www.novostar.com.br\/wp-content\/uploads\/banner-home-450x74.png 450w, https:\/\/www.novostar.com.br\/wp-content\/uploads\/banner-home-600x99.png 600w, https:\/\/www.novostar.com.br\/wp-content\/uploads\/banner-home-900x149.png 900w\" sizes=\"(max-width: 1000px) 100vw, 1000px\" \/><\/figure>\n\n\n\n<h1 class=\"has-text-align-center\" style=\"font-size:36px\">QUEM SOMOS<\/h1>\n\n\n\n<p class=\"has-text-align-center\" style=\"font-size:20px\">A NOVO STAR \u00c9 UMA EMPRESA DE PRESTA\u00c7\u00c3O DE SERVI\u00c7OS ADMINISTRATIVOS<br>COM FOCO EM CERTIFICA\u00c7\u00c3O DE PRODUTOS JUNTO AO INMETRO.<\/p>\n\n\n\n<p class=\"has-text-align-center\" style=\"font-size:14px\">Atendimento: Segunda a Sexta-feira das 8h \u00e0s 17h<\/p>\n","protected":false},"excerpt":{"rendered":"<p>QUEM SOMOS A NOVO STAR \u00c9 UMA EMPRESA DE PRESTA\u00c7\u00c3O DE SERVI\u00c7OS ADMINISTRATIVOSCOM FOCO EM CERTIFICA\u00c7\u00c3O DE PRODUTOS JUNTO AO INMETRO. Atendimento: Segunda a Sexta-feira das 8h \u00e0s 17h<\/p>\n","protected":false},"author":1,"featured_media":0,"parent":0,"menu_order":0,"comment_status":"closed","ping_status":"open","template":"gutenberg-fullwidth.php","meta":[],"_links":{"self":[{"href":"https:\/\/www.novostar.com.br\/index.php\/wp-json\/wp\/v2\/pages\/2"}],"collection":[{"href":"https:\/\/www.novostar.com.br\/index.php\/wp-json\/wp\/v2\/pages"}],"about":[{"href":"https:\/\/www.novostar.com.br\/index.php\/wp-json\/wp\/v2\/types\/page"}],"author":[{"embeddable":true,"href":"https:\/\/www.novostar.com.br\/index.php\/wp-json\/wp\/v2\/users\/1"}],"replies":[{"embeddable":true,"href":"https:\/\/www.novostar.com.br\/index.php\/wp-json\/wp\/v2\/comments?post=2"}],"version-history":[{"count":12,"href":"https:\/\/www.novostar.com.br\/index.php\/wp-json\/wp\/v2\/pages\/2\/revisions"}],"predecessor-version":[{"id":125,"href":"https:\/\/www.novostar.com.br\/index.php\/wp-json\/wp\/v2\/pages\/2\/revisions\/125"}],"wp:attachment":[{"href":"https:\/\/www.novostar.com.br\/index.php\/wp-json\/wp\/v2\/media?parent=2"}],"curies":[{"name":"wp","href":"https:\/\/api.w.org\/{rel}","templated":true}]}}