{"id":13,"date":"2020-08-23T22:28:38","date_gmt":"2020-08-24T01:28:38","guid":{"rendered":"http:\/\/novostar.web242.uni5.net\/?page_id=13"},"modified":"2020-08-24T13:06:08","modified_gmt":"2020-08-24T16:06:08","slug":"contato","status":"publish","type":"page","link":"https:\/\/www.novostar.com.br\/index.php\/contato\/","title":{"rendered":"Contato"},"content":{"rendered":"\n<div style=\"height:20px\" aria-hidden=\"true\" class=\"wp-block-spacer\"><\/div>\n\n\n\n<figure class=\"wp-block-image size-large is-resized\"><img src=\"https:\/\/www.novostar.com.br\/wp-content\/uploads\/banner-contato.png\" alt=\"\" class=\"wp-image-92\" width=\"1200\" srcset=\"https:\/\/www.novostar.com.br\/wp-content\/uploads\/banner-contato.png 1000w, https:\/\/www.novostar.com.br\/wp-content\/uploads\/banner-contato-300x50.png 300w, https:\/\/www.novostar.com.br\/wp-content\/uploads\/banner-contato-768x127.png 768w, https:\/\/www.novostar.com.br\/wp-content\/uploads\/banner-contato-100x17.png 100w, https:\/\/www.novostar.com.br\/wp-content\/uploads\/banner-contato-150x25.png 150w, https:\/\/www.novostar.com.br\/wp-content\/uploads\/banner-contato-200x33.png 200w, https:\/\/www.novostar.com.br\/wp-content\/uploads\/banner-contato-450x74.png 450w, https:\/\/www.novostar.com.br\/wp-content\/uploads\/banner-contato-600x99.png 600w, https:\/\/www.novostar.com.br\/wp-content\/uploads\/banner-contato-900x149.png 900w\" sizes=\"(max-width: 1000px) 100vw, 1000px\" \/><\/figure>\n\n\n\n<h1 class=\"has-text-align-center\" style=\"font-size:36px\">ENTRE EM CONTATO<\/h1>\n\n\n\n<p class=\"has-text-align-center\" style=\"font-size:14px\">UTILIZE ESTE CANAL PARA SOLICITAR MAIS INFORMA\u00c7\u00d5ES SOBRE CARACTER\u00cdSTICAS T\u00c9CNICAS, ONDE COMPRAR, ETC.<br>CASO DESEJE FAZER ALGUMA RECLAMA\u00c7\u00c3O SOBRE PRODUTOS E SERVI\u00c7OS, POR FAVOR UTILIZAR O &#8216;<a href=\"https:\/\/www.novostar.com.br\/index.php\/sac\/\" data-type=\"URL\" data-id=\"https:\/\/www.novostar.com.br\/index.php\/sac\/\">SAC<\/a>&#8216; NO MENU SUPERIOR.<br>AS RECLAMA\u00c7\u00d5ES FEITAS POR ESSE CANAL N\u00c3O SER\u00c3O REGISTRADAS E N\u00c3O GERAR\u00c3O N\u00daMERO DE PROTOCOLO.<\/p>\n\n\n\n<div class=\"wp-block-columns\">\n<div class=\"wp-block-column\" style=\"flex-basis:10%\"><\/div>\n\n\n\n<div class=\"wp-block-column\" style=\"flex-basis:80%\">\n<div role=\"form\" class=\"wpcf7\" id=\"wpcf7-f105-o1\" lang=\"pt-BR\" dir=\"ltr\">\n<div class=\"screen-reader-response\" role=\"alert\" aria-live=\"polite\"><\/div>\n<form action=\"\/index.php\/wp-json\/wp\/v2\/pages\/13#wpcf7-f105-o1\" method=\"post\" class=\"wpcf7-form init\" novalidate=\"novalidate\">\n<div style=\"display: none;\">\n<input type=\"hidden\" name=\"_wpcf7\" value=\"105\" \/>\n<input type=\"hidden\" name=\"_wpcf7_version\" value=\"5.2.1\" \/>\n<input type=\"hidden\" name=\"_wpcf7_locale\" value=\"pt_BR\" \/>\n<input type=\"hidden\" name=\"_wpcf7_unit_tag\" value=\"wpcf7-f105-o1\" \/>\n<input type=\"hidden\" name=\"_wpcf7_container_post\" value=\"0\" \/>\n<input type=\"hidden\" name=\"_wpcf7_posted_data_hash\" value=\"\" \/>\n<\/div>\n<p><label> Seu nome (obrigat\u00f3rio)<br \/>\n    <span class=\"wpcf7-form-control-wrap your-name\"><input type=\"text\" name=\"your-name\" value=\"\" size=\"40\" class=\"wpcf7-form-control wpcf7-text wpcf7-validates-as-required\" aria-required=\"true\" aria-invalid=\"false\" \/><\/span> <\/label><\/p>\n<p><label> Seu e-mail (obrigat\u00f3rio)<br \/>\n    <span class=\"wpcf7-form-control-wrap your-email\"><input type=\"email\" name=\"your-email\" value=\"\" size=\"40\" class=\"wpcf7-form-control wpcf7-text wpcf7-email wpcf7-validates-as-required wpcf7-validates-as-email\" aria-required=\"true\" aria-invalid=\"false\" \/><\/span> <\/label><\/p>\n<p><label> Assunto<br \/>\n    <span class=\"wpcf7-form-control-wrap your-subject\"><input type=\"text\" name=\"your-subject\" value=\"\" size=\"40\" class=\"wpcf7-form-control wpcf7-text\" aria-invalid=\"false\" \/><\/span> <\/label><\/p>\n<p><label> Sua mensagem<br \/>\n    <span class=\"wpcf7-form-control-wrap your-message\"><textarea name=\"your-message\" cols=\"40\" rows=\"10\" class=\"wpcf7-form-control wpcf7-textarea\" aria-invalid=\"false\"><\/textarea><\/span> <\/label><\/p>\n<p><input type=\"submit\" value=\"Enviar\" class=\"wpcf7-form-control wpcf7-submit\" \/><\/p>\n<div class=\"wpcf7-response-output\" role=\"alert\" aria-hidden=\"true\"><\/div><\/form><\/div>\n<\/div>\n\n\n\n<div class=\"wp-block-column\" style=\"flex-basis:10%\"><\/div>\n<\/div>\n\n\n\n<p class=\"has-text-align-center\" style=\"font-size:14px\">Atendimento: Segunda a Sexta-feira das 8h \u00e0s 17h<\/p>\n","protected":false},"excerpt":{"rendered":"<p>ENTRE EM CONTATO UTILIZE ESTE CANAL PARA SOLICITAR MAIS INFORMA\u00c7\u00d5ES SOBRE CARACTER\u00cdSTICAS T\u00c9CNICAS, ONDE COMPRAR, ETC.CASO DESEJE FAZER ALGUMA RECLAMA\u00c7\u00c3O SOBRE PRODUTOS E SERVI\u00c7OS, POR FAVOR UTILIZAR O &#8216;SAC&#8216; NO MENU SUPERIOR.AS RECLAMA\u00c7\u00d5ES FEITAS POR ESSE CANAL N\u00c3O SER\u00c3O REGISTRADAS &hellip;<\/p>\n<p class=\"read-more\"> <a class=\"more-link\" href=\"https:\/\/www.novostar.com.br\/index.php\/contato\/\"> <span class=\"screen-reader-text\">Contato<\/span> Read More &raquo;<\/a><\/p>\n","protected":false},"author":1,"featured_media":0,"parent":0,"menu_order":0,"comment_status":"closed","ping_status":"closed","template":"gutenberg-fullwidth.php","meta":[],"_links":{"self":[{"href":"https:\/\/www.novostar.com.br\/index.php\/wp-json\/wp\/v2\/pages\/13"}],"collection":[{"href":"https:\/\/www.novostar.com.br\/index.php\/wp-json\/wp\/v2\/pages"}],"about":[{"href":"https:\/\/www.novostar.com.br\/index.php\/wp-json\/wp\/v2\/types\/page"}],"author":[{"embeddable":true,"href":"https:\/\/www.novostar.com.br\/index.php\/wp-json\/wp\/v2\/users\/1"}],"replies":[{"embeddable":true,"href":"https:\/\/www.novostar.com.br\/index.php\/wp-json\/wp\/v2\/comments?post=13"}],"version-history":[{"count":12,"href":"https:\/\/www.novostar.com.br\/index.php\/wp-json\/wp\/v2\/pages\/13\/revisions"}],"predecessor-version":[{"id":123,"href":"https:\/\/www.novostar.com.br\/index.php\/wp-json\/wp\/v2\/pages\/13\/revisions\/123"}],"wp:attachment":[{"href":"https:\/\/www.novostar.com.br\/index.php\/wp-json\/wp\/v2\/media?parent=13"}],"curies":[{"name":"wp","href":"https:\/\/api.w.org\/{rel}","templated":true}]}}